{"id":541,"date":"2016-05-25T12:44:41","date_gmt":"2016-05-25T12:44:41","guid":{"rendered":"http:\/\/www.galerij8.be\/en\/artwork\/flowers\/"},"modified":"2019-12-19T14:45:06","modified_gmt":"2019-12-19T14:45:06","slug":"resonancia","status":"publish","type":"page","link":"https:\/\/www.galerij8.be\/it\/artwork\/resonancia\/","title":{"rendered":"Resonancia"},"content":{"rendered":"<div id='gallery-1' class='gallery galleryid-541 gallery-columns-5 gallery-size-thumbnail'><figure class='gallery-item'>\n\t\t\t<div class='gallery-icon landscape'>\n\t\t\t\t<a href='https:\/\/www.galerij8.be\/wp-content\/uploads\/2016\/05\/resonancia-kristel-3.jpg'><img decoding=\"async\" width=\"180\" height=\"130\" src=\"https:\/\/www.galerij8.be\/wp-content\/uploads\/2016\/05\/resonancia-kristel-3-180x130.jpg\" class=\"attachment-thumbnail size-thumbnail\" alt=\"\" \/><\/a>\n\t\t\t<\/div><\/figure><figure class='gallery-item'>\n\t\t\t<div class='gallery-icon landscape'>\n\t\t\t\t<a href='https:\/\/www.galerij8.be\/wp-content\/uploads\/2016\/01\/resonancia-kristel-1.jpg'><img decoding=\"async\" width=\"180\" height=\"130\" src=\"https:\/\/www.galerij8.be\/wp-content\/uploads\/2016\/01\/resonancia-kristel-1-180x130.jpg\" class=\"attachment-thumbnail size-thumbnail\" alt=\"\" \/><\/a>\n\t\t\t<\/div><\/figure><figure class='gallery-item'>\n\t\t\t<div class='gallery-icon landscape'>\n\t\t\t\t<a href='https:\/\/www.galerij8.be\/wp-content\/uploads\/2016\/05\/flower-001.jpg'><img decoding=\"async\" width=\"180\" height=\"130\" src=\"https:\/\/www.galerij8.be\/wp-content\/uploads\/2016\/05\/flower-001-180x130.jpg\" class=\"attachment-thumbnail size-thumbnail\" alt=\"\" \/><\/a>\n\t\t\t<\/div><\/figure><figure class='gallery-item'>\n\t\t\t<div class='gallery-icon landscape'>\n\t\t\t\t<a href='https:\/\/www.galerij8.be\/wp-content\/uploads\/2016\/05\/flowers-5.jpg'><img loading=\"lazy\" decoding=\"async\" width=\"180\" height=\"130\" src=\"https:\/\/www.galerij8.be\/wp-content\/uploads\/2016\/05\/flowers-5-180x130.jpg\" class=\"attachment-thumbnail size-thumbnail\" alt=\"\" \/><\/a>\n\t\t\t<\/div><\/figure><figure class='gallery-item'>\n\t\t\t<div class='gallery-icon landscape'>\n\t\t\t\t<a href='https:\/\/www.galerij8.be\/wp-content\/uploads\/2016\/05\/flowers-4.jpg'><img loading=\"lazy\" decoding=\"async\" width=\"180\" height=\"130\" src=\"https:\/\/www.galerij8.be\/wp-content\/uploads\/2016\/05\/flowers-4-180x130.jpg\" class=\"attachment-thumbnail size-thumbnail\" alt=\"\" \/><\/a>\n\t\t\t<\/div><\/figure>\n\t\t<\/div>\n\n<h3>Resonancia | Kristel Van den Eynden<\/h3>\n<p>Le opere Resonancia nascono da un'esperienza interiore.<br \/>\nRisuonano con ci\u00f2 che pu\u00f2 essere sollevato.<br \/>\nIn ogni opera c'\u00e8 un'apertura, una via d'uscita, una liberazione, ...per uscire dalla nostra cornice sociale. Le soluzioni avvengono in un'altra dimensione, al di fuori della forma come la percepiamo noi.<\/p>\n<p>Si tratta della gioia del bambino interiore, la magia, il gioco, il miracolo...<br \/>\nIl tangibile \u00e8 pi\u00f9 presente del visibile.<br \/>\nLe composizioni all-over creano spazio.<br \/>\nLo spettro dei colori riflette una sensibilit\u00e0, i tocchi sciolti creano libert\u00e0, gioia, connessione.<br \/>\nQuesti dipinti, olio su tela, sono il risultato di un profondo lavoro meditativo precedente, accompagnato dalla musica del pianista intuitivo Steven Vrancken.<\/p>\n<p>Le opere d'arte Resonancia sono nate da un'esperienza interiore.<br \/>\nRisuonano con ci\u00f2 che pu\u00f2 essere elevato.<br \/>\nOgni opera d'arte comprende un'apertura, una porta, una liberazione.... per staccarsi dal nostro quadro concettuale sociale. Le soluzioni nascono in un'altra dimensione, indipendentemente dalla forma come la percepiamo noi.<\/p>\n<p>Si tratta della gioia del bambino interiore, la magia, la giocosit\u00e0 e la meraviglia...<br \/>\nCi\u00f2 che pu\u00f2 essere sentito \u00e8 pi\u00f9 attivamente presente di ci\u00f2 che \u00e8 visibile.<br \/>\nLe composizioni all-over creano spazio.<br \/>\nLo spettro di colori riflette la sensibilit\u00e0, le pennellate sciolte creano libert\u00e0, gioia, connessione.<br \/>\nQuesti dipinti, olio su tela, sono il risultato di un precedente profondo lavoro meditativo, accompagnato dalla musica del pianista intuitivo Steven Vrancken.<\/p>\n<p>Kristel Van den Eynden ha studiato disegno e pittura all'Accademia d'Arte di Knokke-Heist, sotto gli insegnanti Jan de Vliegher, Robin Vermeersch, Inge d'Hulster e Wendy Vandermaes.<\/p>\n<p><a href=\"http:\/\/www.galerij8.be\/it\/artcoaching\/\">La Galleria 8 organizza laboratori intuitivi (classi di pittura) per adulti, giovani e bambini, in gruppo o privatamente.<\/a><\/p>","protected":false},"excerpt":{"rendered":"<p>Resonancia | Kristel Van den Eynden Le opere Resonancia nascono da un'esperienza interiore. Risuonano con ci\u00f2 che pu\u00f2 essere sollevato. In ogni opera c'\u00e8 un'apertura, una via d'uscita, una liberazione, ... per essere liberati dal nostro schema sociale. Le soluzioni avvengono in una dimensione diversa, al di fuori della forma che conosciamo. <a title=\"Resonancia\" class=\"read-more\" href=\"https:\/\/www.galerij8.be\/it\/artwork\/resonancia\/\" aria-label=\"Per saperne di pi\u00f9 su Resonancia\">Leggi tutto<\/a><\/p>","protected":false},"author":3093,"featured_media":0,"parent":412,"menu_order":0,"comment_status":"closed","ping_status":"closed","template":"","meta":{"_acf_changed":false,"footnotes":""},"class_list":["post-541","page","type-page","status-publish"],"acf":[],"yoast_head":"<!-- This site is optimized with the Yoast SEO plugin v27.5 - https:\/\/yoast.com\/product\/yoast-seo-wordpress\/ -->\n<title>Resonancia - Galerij 8<\/title>\n<meta name=\"robots\" content=\"index, follow, max-snippet:-1, max-image-preview:large, max-video-preview:-1\" \/>\n<link rel=\"canonical\" href=\"https:\/\/www.galerij8.be\/it\/artwork\/resonancia\/\" \/>\n<meta property=\"og:locale\" content=\"it_IT\" \/>\n<meta property=\"og:type\" content=\"article\" \/>\n<meta property=\"og:title\" content=\"Resonancia - Galerij 8\" \/>\n<meta property=\"og:description\" content=\"Resonancia |\u00a0Kristel Van den Eynden De werken Resonancia zijn ontstaan vanuit een innerlijke beleving. Ze resoneren met datgene wat mag opgetild worden. In elk werk is er een opening , een uitweg, een bevrijding, \u2026om los te komen uit ons maatschappelijk denk-kader. Oplossingen gebeuren in een andere dimensie, los van de vorm zoals we deze ... Leggi tutto\" \/>\n<meta property=\"og:url\" content=\"https:\/\/www.galerij8.be\/it\/artwork\/resonancia\/\" \/>\n<meta property=\"og:site_name\" content=\"Galerij 8\" \/>\n<meta property=\"article:modified_time\" content=\"2019-12-19T14:45:06+00:00\" \/>\n<meta property=\"og:image\" content=\"https:\/\/www.galerij8.be\/wp-content\/uploads\/2016\/05\/resonancia-kristel-3-180x130.jpg\" \/>\n<meta name=\"twitter:card\" content=\"summary_large_image\" \/>\n<meta name=\"twitter:label1\" content=\"Tempo di lettura stimato\" \/>\n\t<meta name=\"twitter:data1\" content=\"1 minuto\" \/>\n<script type=\"application\/ld+json\" class=\"yoast-schema-graph\">{\"@context\":\"https:\\\/\\\/schema.org\",\"@graph\":[{\"@type\":\"WebPage\",\"@id\":\"https:\\\/\\\/www.galerij8.be\\\/artwork\\\/resonancia\\\/\",\"url\":\"https:\\\/\\\/www.galerij8.be\\\/artwork\\\/resonancia\\\/\",\"name\":\"Resonancia - Galerij 8\",\"isPartOf\":{\"@id\":\"https:\\\/\\\/www.galerij8.be\\\/#website\"},\"datePublished\":\"2016-05-25T12:44:41+00:00\",\"dateModified\":\"2019-12-19T14:45:06+00:00\",\"breadcrumb\":{\"@id\":\"https:\\\/\\\/www.galerij8.be\\\/artwork\\\/resonancia\\\/#breadcrumb\"},\"inLanguage\":\"it-IT\",\"potentialAction\":[{\"@type\":\"ReadAction\",\"target\":[\"https:\\\/\\\/www.galerij8.be\\\/artwork\\\/resonancia\\\/\"]}]},{\"@type\":\"BreadcrumbList\",\"@id\":\"https:\\\/\\\/www.galerij8.be\\\/artwork\\\/resonancia\\\/#breadcrumb\",\"itemListElement\":[{\"@type\":\"ListItem\",\"position\":1,\"name\":\"Home\",\"item\":\"https:\\\/\\\/www.galerij8.be\\\/\"},{\"@type\":\"ListItem\",\"position\":2,\"name\":\"Artwork\",\"item\":\"https:\\\/\\\/www.galerij8.be\\\/artwork\\\/\"},{\"@type\":\"ListItem\",\"position\":3,\"name\":\"Resonancia\"}]},{\"@type\":\"WebSite\",\"@id\":\"https:\\\/\\\/www.galerij8.be\\\/#website\",\"url\":\"https:\\\/\\\/www.galerij8.be\\\/\",\"name\":\"Galerij 8\",\"description\":\"\",\"publisher\":{\"@id\":\"https:\\\/\\\/www.galerij8.be\\\/#organization\"},\"potentialAction\":[{\"@type\":\"SearchAction\",\"target\":{\"@type\":\"EntryPoint\",\"urlTemplate\":\"https:\\\/\\\/www.galerij8.be\\\/?s={search_term_string}\"},\"query-input\":{\"@type\":\"PropertyValueSpecification\",\"valueRequired\":true,\"valueName\":\"search_term_string\"}}],\"inLanguage\":\"it-IT\"},{\"@type\":\"Organization\",\"@id\":\"https:\\\/\\\/www.galerij8.be\\\/#organization\",\"name\":\"Galerij 8\",\"url\":\"https:\\\/\\\/www.galerij8.be\\\/\",\"logo\":{\"@type\":\"ImageObject\",\"inLanguage\":\"it-IT\",\"@id\":\"https:\\\/\\\/www.galerij8.be\\\/#\\\/schema\\\/logo\\\/image\\\/\",\"url\":\"https:\\\/\\\/www.galerij8.be\\\/wp-content\\\/uploads\\\/2016\\\/02\\\/galerij-8-logo.gif\",\"contentUrl\":\"https:\\\/\\\/www.galerij8.be\\\/wp-content\\\/uploads\\\/2016\\\/02\\\/galerij-8-logo.gif\",\"width\":137,\"height\":54,\"caption\":\"Galerij 8\"},\"image\":{\"@id\":\"https:\\\/\\\/www.galerij8.be\\\/#\\\/schema\\\/logo\\\/image\\\/\"}}]}<\/script>\n<!-- \/ Yoast SEO plugin. -->","yoast_head_json":{"title":"Resonancia - Galleria 8","robots":{"index":"index","follow":"follow","max-snippet":"max-snippet:-1","max-image-preview":"max-image-preview:large","max-video-preview":"max-video-preview:-1"},"canonical":"https:\/\/www.galerij8.be\/it\/artwork\/resonancia\/","og_locale":"it_IT","og_type":"article","og_title":"Resonancia - Galerij 8","og_description":"Resonancia |\u00a0Kristel Van den Eynden De werken Resonancia zijn ontstaan vanuit een innerlijke beleving. Ze resoneren met datgene wat mag opgetild worden. In elk werk is er een opening , een uitweg, een bevrijding, \u2026om los te komen uit ons maatschappelijk denk-kader. Oplossingen gebeuren in een andere dimensie, los van de vorm zoals we deze ... Leggi tutto","og_url":"https:\/\/www.galerij8.be\/it\/artwork\/resonancia\/","og_site_name":"Galerij 8","article_modified_time":"2019-12-19T14:45:06+00:00","og_image":[{"url":"https:\/\/www.galerij8.be\/wp-content\/uploads\/2016\/05\/resonancia-kristel-3-180x130.jpg","type":"","width":"","height":""}],"twitter_card":"summary_large_image","twitter_misc":{"Tempo di lettura stimato":"1 minuto"},"schema":{"@context":"https:\/\/schema.org","@graph":[{"@type":"WebPage","@id":"https:\/\/www.galerij8.be\/artwork\/resonancia\/","url":"https:\/\/www.galerij8.be\/artwork\/resonancia\/","name":"Resonancia - Galleria 8","isPartOf":{"@id":"https:\/\/www.galerij8.be\/#website"},"datePublished":"2016-05-25T12:44:41+00:00","dateModified":"2019-12-19T14:45:06+00:00","breadcrumb":{"@id":"https:\/\/www.galerij8.be\/artwork\/resonancia\/#breadcrumb"},"inLanguage":"it-IT","potentialAction":[{"@type":"ReadAction","target":["https:\/\/www.galerij8.be\/artwork\/resonancia\/"]}]},{"@type":"BreadcrumbList","@id":"https:\/\/www.galerij8.be\/artwork\/resonancia\/#breadcrumb","itemListElement":[{"@type":"ListItem","position":1,"name":"Home","item":"https:\/\/www.galerij8.be\/"},{"@type":"ListItem","position":2,"name":"Artwork","item":"https:\/\/www.galerij8.be\/artwork\/"},{"@type":"ListItem","position":3,"name":"Resonancia"}]},{"@type":"WebSite","@id":"https:\/\/www.galerij8.be\/#website","url":"https:\/\/www.galerij8.be\/","name":"Galleria 8","description":"","publisher":{"@id":"https:\/\/www.galerij8.be\/#organization"},"potentialAction":[{"@type":"SearchAction","target":{"@type":"EntryPoint","urlTemplate":"https:\/\/www.galerij8.be\/?s={search_term_string}"},"query-input":{"@type":"PropertyValueSpecification","valueRequired":true,"valueName":"search_term_string"}}],"inLanguage":"it-IT"},{"@type":"Organization","@id":"https:\/\/www.galerij8.be\/#organization","name":"Galleria 8","url":"https:\/\/www.galerij8.be\/","logo":{"@type":"ImageObject","inLanguage":"it-IT","@id":"https:\/\/www.galerij8.be\/#\/schema\/logo\/image\/","url":"https:\/\/www.galerij8.be\/wp-content\/uploads\/2016\/02\/galerij-8-logo.gif","contentUrl":"https:\/\/www.galerij8.be\/wp-content\/uploads\/2016\/02\/galerij-8-logo.gif","width":137,"height":54,"caption":"Galerij 8"},"image":{"@id":"https:\/\/www.galerij8.be\/#\/schema\/logo\/image\/"}}]}},"_links":{"self":[{"href":"https:\/\/www.galerij8.be\/it\/wp-json\/wp\/v2\/pages\/541","targetHints":{"allow":["GET"]}}],"collection":[{"href":"https:\/\/www.galerij8.be\/it\/wp-json\/wp\/v2\/pages"}],"about":[{"href":"https:\/\/www.galerij8.be\/it\/wp-json\/wp\/v2\/types\/page"}],"author":[{"embeddable":true,"href":"https:\/\/www.galerij8.be\/it\/wp-json\/wp\/v2\/users\/3093"}],"replies":[{"embeddable":true,"href":"https:\/\/www.galerij8.be\/it\/wp-json\/wp\/v2\/comments?post=541"}],"version-history":[{"count":0,"href":"https:\/\/www.galerij8.be\/it\/wp-json\/wp\/v2\/pages\/541\/revisions"}],"up":[{"embeddable":true,"href":"https:\/\/www.galerij8.be\/it\/wp-json\/wp\/v2\/pages\/412"}],"wp:attachment":[{"href":"https:\/\/www.galerij8.be\/it\/wp-json\/wp\/v2\/media?parent=541"}],"curies":[{"name":"wp","href":"https:\/\/api.w.org\/{rel}","templated":true}]}}