{"id":541,"date":"2016-05-25T12:44:41","date_gmt":"2016-05-25T12:44:41","guid":{"rendered":"http:\/\/www.galerij8.be\/en\/artwork\/flowers\/"},"modified":"2019-12-19T14:45:06","modified_gmt":"2019-12-19T14:45:06","slug":"resonancia","status":"publish","type":"page","link":"https:\/\/www.galerij8.be\/fr\/artwork\/resonancia\/","title":{"rendered":"Resonancia"},"content":{"rendered":"<div id='gallery-1' class='gallery galleryid-541 gallery-columns-5 gallery-size-thumbnail'><figure class='gallery-item'>\n\t\t\t<div class='gallery-icon landscape'>\n\t\t\t\t<a href='https:\/\/www.galerij8.be\/wp-content\/uploads\/2016\/05\/resonancia-kristel-3.jpg'><img decoding=\"async\" width=\"180\" height=\"130\" src=\"https:\/\/www.galerij8.be\/wp-content\/uploads\/2016\/05\/resonancia-kristel-3-180x130.jpg\" class=\"attachment-thumbnail size-thumbnail\" alt=\"\" \/><\/a>\n\t\t\t<\/div><\/figure><figure class='gallery-item'>\n\t\t\t<div class='gallery-icon landscape'>\n\t\t\t\t<a href='https:\/\/www.galerij8.be\/wp-content\/uploads\/2016\/01\/resonancia-kristel-1.jpg'><img decoding=\"async\" width=\"180\" height=\"130\" src=\"https:\/\/www.galerij8.be\/wp-content\/uploads\/2016\/01\/resonancia-kristel-1-180x130.jpg\" class=\"attachment-thumbnail size-thumbnail\" alt=\"\" \/><\/a>\n\t\t\t<\/div><\/figure><figure class='gallery-item'>\n\t\t\t<div class='gallery-icon landscape'>\n\t\t\t\t<a href='https:\/\/www.galerij8.be\/wp-content\/uploads\/2016\/05\/flower-001.jpg'><img decoding=\"async\" width=\"180\" height=\"130\" src=\"https:\/\/www.galerij8.be\/wp-content\/uploads\/2016\/05\/flower-001-180x130.jpg\" class=\"attachment-thumbnail size-thumbnail\" alt=\"\" \/><\/a>\n\t\t\t<\/div><\/figure><figure class='gallery-item'>\n\t\t\t<div class='gallery-icon landscape'>\n\t\t\t\t<a href='https:\/\/www.galerij8.be\/wp-content\/uploads\/2016\/05\/flowers-5.jpg'><img loading=\"lazy\" decoding=\"async\" width=\"180\" height=\"130\" src=\"https:\/\/www.galerij8.be\/wp-content\/uploads\/2016\/05\/flowers-5-180x130.jpg\" class=\"attachment-thumbnail size-thumbnail\" alt=\"\" \/><\/a>\n\t\t\t<\/div><\/figure><figure class='gallery-item'>\n\t\t\t<div class='gallery-icon landscape'>\n\t\t\t\t<a href='https:\/\/www.galerij8.be\/wp-content\/uploads\/2016\/05\/flowers-4.jpg'><img loading=\"lazy\" decoding=\"async\" width=\"180\" height=\"130\" src=\"https:\/\/www.galerij8.be\/wp-content\/uploads\/2016\/05\/flowers-4-180x130.jpg\" class=\"attachment-thumbnail size-thumbnail\" alt=\"\" \/><\/a>\n\t\t\t<\/div><\/figure>\n\t\t<\/div>\n\n<h3>Resonancia | Kristel Van den Eynden<\/h3>\n<p>Les \u0153uvres Resonancia sont issues d'une exp\u00e9rience int\u00e9rieure.<br \/>\nIls entrent en r\u00e9sonance avec ce qui peut \u00eatre soulev\u00e9.<br \/>\nDans chaque \u0153uvre, il y a une ouverture, une sortie, une lib\u00e9ration, ... pour sortir de notre \u00e9tat d'esprit social. Les solutions se produisent dans une dimension diff\u00e9rente, en dehors de la forme telle que nous la percevons.<\/p>\n<p>Il s'agit de la joie de l'enfant int\u00e9rieur, de la magie, du jeu, du miracle ...<br \/>\nLe tangible est plus pr\u00e9sent que le visible.<br \/>\nLes compositions en all-over cr\u00e9ent de l'espace.<br \/>\nLe spectre des couleurs refl\u00e8te une sensibilit\u00e9, les touches libres cr\u00e9ent la libert\u00e9, la joie, la connexion.<br \/>\nCes peintures, huile sur toile, sont le r\u00e9sultat d'un travail pr\u00e9alable de m\u00e9ditation profonde, accompagn\u00e9 par la musique du pianiste intuitif Steven Vrancken.<\/p>\n<p>L'\u0153uvre d'art Resonancia est n\u00e9e d'une exp\u00e9rience int\u00e9rieure.<br \/>\nIls r\u00e9sonnent avec ce qui peut \u00eatre \u00e9lev\u00e9.<br \/>\nChaque \u0153uvre d'art constitue une ouverture, une porte, une lib\u00e9ration.... pour se d\u00e9tacher de notre cadre conceptuel soci\u00e9tal. Les solutions naissent dans une autre dimension, ind\u00e9pendamment de la forme telle que nous la percevons.<\/p>\n<p>Il s'agit de la joie de l'enfant int\u00e9rieur, de la magie, de l'espi\u00e8glerie et de l'\u00e9merveillement...<br \/>\nCe qui peut \u00eatre ressenti est plus activement pr\u00e9sent que ce qui est visible.<br \/>\nLes compositions en all-over cr\u00e9ent de l'espace.<br \/>\nLe spectre des couleurs refl\u00e8te la sensibilit\u00e9, les coups de pinceau libres cr\u00e9ent la libert\u00e9, la joie, la connexion.<br \/>\nCes peintures, huile sur toile, sont le r\u00e9sultat d'un travail pr\u00e9alable de m\u00e9ditation profonde, accompagn\u00e9 par la musique du pianiste intuitif Steven Vrancken.<\/p>\n<p>Kristel Van den Eynden a \u00e9tudi\u00e9 le dessin et la peinture \u00e0 l'Acad\u00e9mie des Arts de Knokke-Heist, aupr\u00e8s des professeurs Jan de Vliegher, Robin Vermeersch, Inge d'Hulster et Wendy Vandermaes.<\/p>\n<p><a href=\"http:\/\/www.galerij8.be\/fr\/artcoaching\/\">La Galerie 8 organise des ateliers intuitifs (cours de peinture) pour adultes, jeunes et enfants, en groupe ou en priv\u00e9.<\/a><\/p>","protected":false},"excerpt":{"rendered":"<p>Resonancia | Kristel Van den Eynden Les \u0153uvres Resonancia trouvent leur origine dans une exp\u00e9rience int\u00e9rieure. Ils r\u00e9sonnent avec ce qui peut \u00eatre \u00e9lev\u00e9. Dans chaque \u0153uvre, il y a une ouverture, une sortie, une lib\u00e9ration, ... pour \u00eatre lib\u00e9r\u00e9 de notre cadre social d'esprit. Les solutions se produisent dans une dimension diff\u00e9rente, en dehors de la forme telle que nous la connaissons. <a title=\"Resonancia\" class=\"read-more\" href=\"https:\/\/www.galerij8.be\/fr\/artwork\/resonancia\/\" aria-label=\"En savoir plus sur Resonancia\">Lire la suite<\/a><\/p>","protected":false},"author":3093,"featured_media":0,"parent":412,"menu_order":0,"comment_status":"closed","ping_status":"closed","template":"","meta":{"_acf_changed":false,"footnotes":""},"class_list":["post-541","page","type-page","status-publish"],"acf":[],"yoast_head":"<!-- This site is optimized with the Yoast SEO plugin v27.5 - https:\/\/yoast.com\/product\/yoast-seo-wordpress\/ -->\n<title>Resonancia - Galerij 8<\/title>\n<meta name=\"robots\" content=\"index, follow, max-snippet:-1, max-image-preview:large, max-video-preview:-1\" \/>\n<link rel=\"canonical\" href=\"https:\/\/www.galerij8.be\/fr\/artwork\/resonancia\/\" \/>\n<meta property=\"og:locale\" content=\"fr_FR\" \/>\n<meta property=\"og:type\" content=\"article\" \/>\n<meta property=\"og:title\" content=\"Resonancia - Galerij 8\" \/>\n<meta property=\"og:description\" content=\"Resonancia |\u00a0Kristel Van den Eynden De werken Resonancia zijn ontstaan vanuit een innerlijke beleving. Ze resoneren met datgene wat mag opgetild worden. In elk werk is er een opening , een uitweg, een bevrijding, \u2026om los te komen uit ons maatschappelijk denk-kader. Oplossingen gebeuren in een andere dimensie, los van de vorm zoals we deze ... Lire la suite\" \/>\n<meta property=\"og:url\" content=\"https:\/\/www.galerij8.be\/fr\/artwork\/resonancia\/\" \/>\n<meta property=\"og:site_name\" content=\"Galerij 8\" \/>\n<meta property=\"article:modified_time\" content=\"2019-12-19T14:45:06+00:00\" \/>\n<meta property=\"og:image\" content=\"https:\/\/www.galerij8.be\/wp-content\/uploads\/2016\/05\/resonancia-kristel-3-180x130.jpg\" \/>\n<meta name=\"twitter:card\" content=\"summary_large_image\" \/>\n<meta name=\"twitter:label1\" content=\"Dur\u00e9e de lecture estim\u00e9e\" \/>\n\t<meta name=\"twitter:data1\" content=\"1 minute\" \/>\n<script type=\"application\/ld+json\" class=\"yoast-schema-graph\">{\"@context\":\"https:\\\/\\\/schema.org\",\"@graph\":[{\"@type\":\"WebPage\",\"@id\":\"https:\\\/\\\/www.galerij8.be\\\/artwork\\\/resonancia\\\/\",\"url\":\"https:\\\/\\\/www.galerij8.be\\\/artwork\\\/resonancia\\\/\",\"name\":\"Resonancia - Galerij 8\",\"isPartOf\":{\"@id\":\"https:\\\/\\\/www.galerij8.be\\\/#website\"},\"datePublished\":\"2016-05-25T12:44:41+00:00\",\"dateModified\":\"2019-12-19T14:45:06+00:00\",\"breadcrumb\":{\"@id\":\"https:\\\/\\\/www.galerij8.be\\\/artwork\\\/resonancia\\\/#breadcrumb\"},\"inLanguage\":\"fr-FR\",\"potentialAction\":[{\"@type\":\"ReadAction\",\"target\":[\"https:\\\/\\\/www.galerij8.be\\\/artwork\\\/resonancia\\\/\"]}]},{\"@type\":\"BreadcrumbList\",\"@id\":\"https:\\\/\\\/www.galerij8.be\\\/artwork\\\/resonancia\\\/#breadcrumb\",\"itemListElement\":[{\"@type\":\"ListItem\",\"position\":1,\"name\":\"Home\",\"item\":\"https:\\\/\\\/www.galerij8.be\\\/\"},{\"@type\":\"ListItem\",\"position\":2,\"name\":\"Artwork\",\"item\":\"https:\\\/\\\/www.galerij8.be\\\/artwork\\\/\"},{\"@type\":\"ListItem\",\"position\":3,\"name\":\"Resonancia\"}]},{\"@type\":\"WebSite\",\"@id\":\"https:\\\/\\\/www.galerij8.be\\\/#website\",\"url\":\"https:\\\/\\\/www.galerij8.be\\\/\",\"name\":\"Galerij 8\",\"description\":\"\",\"publisher\":{\"@id\":\"https:\\\/\\\/www.galerij8.be\\\/#organization\"},\"potentialAction\":[{\"@type\":\"SearchAction\",\"target\":{\"@type\":\"EntryPoint\",\"urlTemplate\":\"https:\\\/\\\/www.galerij8.be\\\/?s={search_term_string}\"},\"query-input\":{\"@type\":\"PropertyValueSpecification\",\"valueRequired\":true,\"valueName\":\"search_term_string\"}}],\"inLanguage\":\"fr-FR\"},{\"@type\":\"Organization\",\"@id\":\"https:\\\/\\\/www.galerij8.be\\\/#organization\",\"name\":\"Galerij 8\",\"url\":\"https:\\\/\\\/www.galerij8.be\\\/\",\"logo\":{\"@type\":\"ImageObject\",\"inLanguage\":\"fr-FR\",\"@id\":\"https:\\\/\\\/www.galerij8.be\\\/#\\\/schema\\\/logo\\\/image\\\/\",\"url\":\"https:\\\/\\\/www.galerij8.be\\\/wp-content\\\/uploads\\\/2016\\\/02\\\/galerij-8-logo.gif\",\"contentUrl\":\"https:\\\/\\\/www.galerij8.be\\\/wp-content\\\/uploads\\\/2016\\\/02\\\/galerij-8-logo.gif\",\"width\":137,\"height\":54,\"caption\":\"Galerij 8\"},\"image\":{\"@id\":\"https:\\\/\\\/www.galerij8.be\\\/#\\\/schema\\\/logo\\\/image\\\/\"}}]}<\/script>\n<!-- \/ Yoast SEO plugin. -->","yoast_head_json":{"title":"Resonancia - Galerie 8","robots":{"index":"index","follow":"follow","max-snippet":"max-snippet:-1","max-image-preview":"max-image-preview:large","max-video-preview":"max-video-preview:-1"},"canonical":"https:\/\/www.galerij8.be\/fr\/artwork\/resonancia\/","og_locale":"fr_FR","og_type":"article","og_title":"Resonancia - Galerij 8","og_description":"Resonancia |\u00a0Kristel Van den Eynden De werken Resonancia zijn ontstaan vanuit een innerlijke beleving. Ze resoneren met datgene wat mag opgetild worden. In elk werk is er een opening , een uitweg, een bevrijding, \u2026om los te komen uit ons maatschappelijk denk-kader. Oplossingen gebeuren in een andere dimensie, los van de vorm zoals we deze ... Lire la suite","og_url":"https:\/\/www.galerij8.be\/fr\/artwork\/resonancia\/","og_site_name":"Galerij 8","article_modified_time":"2019-12-19T14:45:06+00:00","og_image":[{"url":"https:\/\/www.galerij8.be\/wp-content\/uploads\/2016\/05\/resonancia-kristel-3-180x130.jpg","type":"","width":"","height":""}],"twitter_card":"summary_large_image","twitter_misc":{"Dur\u00e9e de lecture estim\u00e9e":"1 minute"},"schema":{"@context":"https:\/\/schema.org","@graph":[{"@type":"WebPage","@id":"https:\/\/www.galerij8.be\/artwork\/resonancia\/","url":"https:\/\/www.galerij8.be\/artwork\/resonancia\/","name":"Resonancia - Galerie 8","isPartOf":{"@id":"https:\/\/www.galerij8.be\/#website"},"datePublished":"2016-05-25T12:44:41+00:00","dateModified":"2019-12-19T14:45:06+00:00","breadcrumb":{"@id":"https:\/\/www.galerij8.be\/artwork\/resonancia\/#breadcrumb"},"inLanguage":"fr-FR","potentialAction":[{"@type":"ReadAction","target":["https:\/\/www.galerij8.be\/artwork\/resonancia\/"]}]},{"@type":"BreadcrumbList","@id":"https:\/\/www.galerij8.be\/artwork\/resonancia\/#breadcrumb","itemListElement":[{"@type":"ListItem","position":1,"name":"Home","item":"https:\/\/www.galerij8.be\/"},{"@type":"ListItem","position":2,"name":"Artwork","item":"https:\/\/www.galerij8.be\/artwork\/"},{"@type":"ListItem","position":3,"name":"Resonancia"}]},{"@type":"WebSite","@id":"https:\/\/www.galerij8.be\/#website","url":"https:\/\/www.galerij8.be\/","name":"Galerie 8","description":"","publisher":{"@id":"https:\/\/www.galerij8.be\/#organization"},"potentialAction":[{"@type":"SearchAction","target":{"@type":"EntryPoint","urlTemplate":"https:\/\/www.galerij8.be\/?s={search_term_string}"},"query-input":{"@type":"PropertyValueSpecification","valueRequired":true,"valueName":"search_term_string"}}],"inLanguage":"fr-FR"},{"@type":"Organization","@id":"https:\/\/www.galerij8.be\/#organization","name":"Galerie 8","url":"https:\/\/www.galerij8.be\/","logo":{"@type":"ImageObject","inLanguage":"fr-FR","@id":"https:\/\/www.galerij8.be\/#\/schema\/logo\/image\/","url":"https:\/\/www.galerij8.be\/wp-content\/uploads\/2016\/02\/galerij-8-logo.gif","contentUrl":"https:\/\/www.galerij8.be\/wp-content\/uploads\/2016\/02\/galerij-8-logo.gif","width":137,"height":54,"caption":"Galerij 8"},"image":{"@id":"https:\/\/www.galerij8.be\/#\/schema\/logo\/image\/"}}]}},"_links":{"self":[{"href":"https:\/\/www.galerij8.be\/fr\/wp-json\/wp\/v2\/pages\/541","targetHints":{"allow":["GET"]}}],"collection":[{"href":"https:\/\/www.galerij8.be\/fr\/wp-json\/wp\/v2\/pages"}],"about":[{"href":"https:\/\/www.galerij8.be\/fr\/wp-json\/wp\/v2\/types\/page"}],"author":[{"embeddable":true,"href":"https:\/\/www.galerij8.be\/fr\/wp-json\/wp\/v2\/users\/3093"}],"replies":[{"embeddable":true,"href":"https:\/\/www.galerij8.be\/fr\/wp-json\/wp\/v2\/comments?post=541"}],"version-history":[{"count":0,"href":"https:\/\/www.galerij8.be\/fr\/wp-json\/wp\/v2\/pages\/541\/revisions"}],"up":[{"embeddable":true,"href":"https:\/\/www.galerij8.be\/fr\/wp-json\/wp\/v2\/pages\/412"}],"wp:attachment":[{"href":"https:\/\/www.galerij8.be\/fr\/wp-json\/wp\/v2\/media?parent=541"}],"curies":[{"name":"wp","href":"https:\/\/api.w.org\/{rel}","templated":true}]}}