{"id":5,"date":"2016-01-27T21:30:19","date_gmt":"2016-01-27T21:30:19","guid":{"rendered":"http:\/\/www.galerij8.be\/?page_id=5"},"modified":"2021-09-27T10:31:50","modified_gmt":"2021-09-27T10:31:50","slug":"kunstenaars","status":"publish","type":"page","link":"https:\/\/www.galerij8.be\/de\/kunstenaars\/","title":{"rendered":"K\u00fcnstler"},"content":{"rendered":"<div data-elementor-type=\"wp-page\" data-elementor-id=\"5\" class=\"elementor elementor-5\" data-elementor-post-type=\"page\">\n\t\t\t\t\t\t<section class=\"elementor-section elementor-top-section elementor-element elementor-element-4a1c7cf elementor-section-boxed elementor-section-height-default elementor-section-height-default\" data-id=\"4a1c7cf\" data-element_type=\"section\" data-e-type=\"section\">\n\t\t\t\t\t\t<div class=\"elementor-container elementor-column-gap-default\">\n\t\t\t\t\t<div class=\"elementor-column elementor-col-50 elementor-top-column elementor-element elementor-element-b06bcdd\" data-id=\"b06bcdd\" data-element_type=\"column\" data-e-type=\"column\">\n\t\t\t<div class=\"elementor-widget-wrap elementor-element-populated\">\n\t\t\t\t\t\t<div class=\"elementor-element elementor-element-e8ffe9d elementor-widget elementor-widget-text-editor\" data-id=\"e8ffe9d\" data-element_type=\"widget\" data-e-type=\"widget\" data-widget_type=\"text-editor.default\">\n\t\t\t\t<div class=\"elementor-widget-container\">\n\t\t\t\t\t\t\t\t\t<h2>KRISTEL VAN DEN EYNDEN<\/h2><p><strong>Gr\u00fcnderin der Galerie<\/strong>.<br \/>Natur, Menschen und die Verbindung mit der Quelle sind mein Ausgangspunkt. Ich f\u00fcge hinzu, was n\u00f6tig ist, und lasse weg, was \u00fcberfl\u00fcssig ist. Ich spiele mit Freude, Weiblichkeit, Freiheit, dem Geheimnis, dem Wunder und der Kraft der Farben.<\/p><p><strong>Portr\u00e4tmalerei auf Anfrage<\/strong><br \/>Wenn ich ein Portr\u00e4t male, lerne ich zuerst die Person und ihre Seele kennen. Entweder mit einem Gespr\u00e4ch oder mit Energiearbeit.<\/p><p><strong><a href=\"http:\/\/www.galerij8.be\/de\/galerij\/portraits-on-demand\/\">Portr\u00e4ts auf Anfrage<\/a> | <a href=\"http:\/\/www.galerij8.be\/de\/galerij\/landscapes-and-nature\/\">Landschaften und Natur<\/a><\/strong><\/p>\t\t\t\t\t\t\t\t<\/div>\n\t\t\t\t<\/div>\n\t\t\t\t\t<\/div>\n\t\t<\/div>\n\t\t\t\t<div class=\"elementor-column elementor-col-50 elementor-top-column elementor-element elementor-element-b768269\" data-id=\"b768269\" data-element_type=\"column\" data-e-type=\"column\">\n\t\t\t<div class=\"elementor-widget-wrap elementor-element-populated\">\n\t\t\t\t\t\t<div class=\"elementor-element elementor-element-d2715b1 elementor-widget elementor-widget-image\" data-id=\"d2715b1\" data-element_type=\"widget\" data-e-type=\"widget\" data-widget_type=\"image.default\">\n\t\t\t\t<div class=\"elementor-widget-container\">\n\t\t\t\t\t\t\t\t\t\t\t\t\t\t\t<img fetchpriority=\"high\" decoding=\"async\" width=\"424\" height=\"447\" src=\"https:\/\/www.galerij8.be\/wp-content\/uploads\/2016\/01\/Kristel-Van-den-Eynden-1.jpg\" class=\"attachment-large size-large wp-image-156\" alt=\"\" srcset=\"https:\/\/www.galerij8.be\/wp-content\/uploads\/2016\/01\/Kristel-Van-den-Eynden-1.jpg 424w, https:\/\/www.galerij8.be\/wp-content\/uploads\/2016\/01\/Kristel-Van-den-Eynden-1-285x300.jpg 285w\" sizes=\"(max-width: 424px) 100vw, 424px\" \/>\t\t\t\t\t\t\t\t\t\t\t\t\t\t\t<\/div>\n\t\t\t\t<\/div>\n\t\t\t\t\t<\/div>\n\t\t<\/div>\n\t\t\t\t\t<\/div>\n\t\t<\/section>\n\t\t\t\t<section class=\"elementor-section elementor-top-section elementor-element elementor-element-1cd1d27 elementor-section-boxed elementor-section-height-default elementor-section-height-default\" data-id=\"1cd1d27\" data-element_type=\"section\" data-e-type=\"section\">\n\t\t\t\t\t\t<div class=\"elementor-container elementor-column-gap-default\">\n\t\t\t\t\t<div class=\"elementor-column elementor-col-50 elementor-top-column elementor-element elementor-element-0c4d1a9\" data-id=\"0c4d1a9\" data-element_type=\"column\" data-e-type=\"column\">\n\t\t\t<div class=\"elementor-widget-wrap elementor-element-populated\">\n\t\t\t\t\t\t<div class=\"elementor-element elementor-element-ddb4453 elementor-widget elementor-widget-text-editor\" data-id=\"ddb4453\" data-element_type=\"widget\" data-e-type=\"widget\" data-widget_type=\"text-editor.default\">\n\t\t\t\t<div class=\"elementor-widget-container\">\n\t\t\t\t\t\t\t\t\t<h2>JORIS GAYMANS<\/h2><p>Joris Gaymans ist ein niederl\u00e4ndischer Bildhauer, K\u00fcnstler und Philosoph. Nach einer Nahtoderfahrung erschafft Joris aus reinem Sein. Durch diesen Prozess strahlen seine Skulpturen eine Stille und Gelassenheit aus. Die glatte Oberfl\u00e4che seiner Skulpturen, das Auftragen von Patina und sein eigener Stil im Allgemeinen dienen dazu, die Sch\u00f6nheit und Reinheit der Essenz auszudr\u00fccken, die in der Stille vorhanden ist.<\/p><p>Er versucht, seine eigenen Gedanken, Gef\u00fchle und W\u00fcnsche so weit wie m\u00f6glich zur\u00fcckzuhalten, damit nicht er die Inspiration ausf\u00fcllt, sondern die Inspiration ihn ausf\u00fcllt.<\/p><p>Joris: \"Kunst und das lebendige Jetzt sind untrennbar miteinander verbunden: nur aus diesem lebendigen Jetzt-Moment kann Kunst entstehen.\"<\/p>\t\t\t\t\t\t\t\t<\/div>\n\t\t\t\t<\/div>\n\t\t\t\t\t<\/div>\n\t\t<\/div>\n\t\t\t\t<div class=\"elementor-column elementor-col-50 elementor-top-column elementor-element elementor-element-1bfe0e1\" data-id=\"1bfe0e1\" data-element_type=\"column\" data-e-type=\"column\">\n\t\t\t<div class=\"elementor-widget-wrap elementor-element-populated\">\n\t\t\t\t\t\t<div class=\"elementor-element elementor-element-5d100a9 elementor-widget elementor-widget-image\" data-id=\"5d100a9\" data-element_type=\"widget\" data-e-type=\"widget\" data-widget_type=\"image.default\">\n\t\t\t\t<div class=\"elementor-widget-container\">\n\t\t\t\t\t\t\t\t\t\t\t\t\t\t\t<img decoding=\"async\" width=\"315\" height=\"73\" src=\"https:\/\/www.galerij8.be\/wp-content\/uploads\/2016\/01\/jorisgaymans.jpg\" class=\"attachment-large size-large wp-image-711\" alt=\"\" srcset=\"https:\/\/www.galerij8.be\/wp-content\/uploads\/2016\/01\/jorisgaymans.jpg 315w, https:\/\/www.galerij8.be\/wp-content\/uploads\/2016\/01\/jorisgaymans-300x70.jpg 300w\" sizes=\"(max-width: 315px) 100vw, 315px\" \/>\t\t\t\t\t\t\t\t\t\t\t\t\t\t\t<\/div>\n\t\t\t\t<\/div>\n\t\t\t\t<div class=\"elementor-element elementor-element-b85b243 elementor-widget elementor-widget-image\" data-id=\"b85b243\" data-element_type=\"widget\" data-e-type=\"widget\" data-widget_type=\"image.default\">\n\t\t\t\t<div class=\"elementor-widget-container\">\n\t\t\t\t\t\t\t\t\t\t\t\t\t\t\t<img decoding=\"async\" width=\"720\" height=\"480\" src=\"https:\/\/www.galerij8.be\/wp-content\/uploads\/2017\/05\/Joris-Gaymans-09.jpg\" class=\"attachment-large size-large wp-image-745\" alt=\"\" srcset=\"https:\/\/www.galerij8.be\/wp-content\/uploads\/2017\/05\/Joris-Gaymans-09.jpg 720w, https:\/\/www.galerij8.be\/wp-content\/uploads\/2017\/05\/Joris-Gaymans-09-300x200.jpg 300w\" sizes=\"(max-width: 720px) 100vw, 720px\" \/>\t\t\t\t\t\t\t\t\t\t\t\t\t\t\t<\/div>\n\t\t\t\t<\/div>\n\t\t\t\t\t<\/div>\n\t\t<\/div>\n\t\t\t\t\t<\/div>\n\t\t<\/section>\n\t\t\t\t<section class=\"elementor-section elementor-top-section elementor-element elementor-element-9386690 elementor-section-boxed elementor-section-height-default elementor-section-height-default\" data-id=\"9386690\" data-element_type=\"section\" data-e-type=\"section\">\n\t\t\t\t\t\t<div class=\"elementor-container elementor-column-gap-default\">\n\t\t\t\t\t<div class=\"elementor-column elementor-col-100 elementor-top-column elementor-element elementor-element-08bf250\" data-id=\"08bf250\" data-element_type=\"column\" data-e-type=\"column\">\n\t\t\t<div class=\"elementor-widget-wrap elementor-element-populated\">\n\t\t\t\t\t\t<div class=\"elementor-element elementor-element-a4b1347 elementor-widget elementor-widget-text-editor\" data-id=\"a4b1347\" data-element_type=\"widget\" data-e-type=\"widget\" data-widget_type=\"text-editor.default\">\n\t\t\t\t<div class=\"elementor-widget-container\">\n\t\t\t\t\t\t\t\t\t<h2>STUDIO BERENGO<\/h2><p><strong>GALERIJ 8 arbeitet eng mit dem Studio Berengo aus Venedig zusammen.<\/strong><\/p><p>Adriano Berengo ist bekannt f\u00fcr seine exklusiven venezianischen Glaswaren von ber\u00fchmten K\u00fcnstlern wie z.B.: Jaume Plensa, Jan De Vliegher, Laurent Reypens, Thomas Libertiny und Tony Cragg. Mit Glasstress 2015 nahm das Studio Berengo an der Biennale von Venedig im Palazzo Franchetti teil.<\/p>\t\t\t\t\t\t\t\t<\/div>\n\t\t\t\t<\/div>\n\t\t\t\t\t<\/div>\n\t\t<\/div>\n\t\t\t\t\t<\/div>\n\t\t<\/section>\n\t\t\t\t<section class=\"elementor-section elementor-top-section elementor-element elementor-element-5f3dfef elementor-section-boxed elementor-section-height-default elementor-section-height-default\" data-id=\"5f3dfef\" data-element_type=\"section\" data-e-type=\"section\">\n\t\t\t\t\t\t<div class=\"elementor-container elementor-column-gap-default\">\n\t\t\t\t\t<div class=\"elementor-column elementor-col-50 elementor-top-column elementor-element elementor-element-745b09d\" data-id=\"745b09d\" data-element_type=\"column\" data-e-type=\"column\">\n\t\t\t<div class=\"elementor-widget-wrap elementor-element-populated\">\n\t\t\t\t\t\t<div class=\"elementor-element elementor-element-9fe3e36 elementor-widget elementor-widget-text-editor\" data-id=\"9fe3e36\" data-element_type=\"widget\" data-e-type=\"widget\" data-widget_type=\"text-editor.default\">\n\t\t\t\t<div class=\"elementor-widget-container\">\n\t\t\t\t\t\t\t\t\t<h2>JAUME PLENSA<\/h2>\nDer spanische K\u00fcnstler Jaume Plensa verk\u00f6rpert mit seinen Werken das Heilige, das Reine und die Eleganz, vor allem, wenn sie aus Glas gefertigt sind. \"Anna und Awilda\" aus der Together-Kollektion (Biennale Venedig 2015) sind in Galerie 8 zu sehen. Diese Frauenk\u00f6pfe stellen eine Verbindung zu einer h\u00f6heren Energie her und \u00fcberwinden die Dualit\u00e4t.\t\t\t\t\t\t\t\t<\/div>\n\t\t\t\t<\/div>\n\t\t\t\t\t<\/div>\n\t\t<\/div>\n\t\t\t\t<div class=\"elementor-column elementor-col-50 elementor-top-column elementor-element elementor-element-6fd1d70\" data-id=\"6fd1d70\" data-element_type=\"column\" data-e-type=\"column\">\n\t\t\t<div class=\"elementor-widget-wrap elementor-element-populated\">\n\t\t\t\t\t\t<div class=\"elementor-element elementor-element-3e05767 elementor-widget elementor-widget-video\" data-id=\"3e05767\" data-element_type=\"widget\" data-e-type=\"widget\" data-settings=\"{&quot;youtube_url&quot;:&quot;https:\\\/\\\/youtu.be\\\/G-fjhBdgAwY&quot;,&quot;video_type&quot;:&quot;youtube&quot;,&quot;controls&quot;:&quot;yes&quot;}\" data-widget_type=\"video.default\">\n\t\t\t\t<div class=\"elementor-widget-container\">\n\t\t\t\t\t\t\t<div class=\"elementor-wrapper elementor-open-inline\">\n\t\t\t<div class=\"elementor-video\"><\/div>\t\t<\/div>\n\t\t\t\t\t\t<\/div>\n\t\t\t\t<\/div>\n\t\t\t\t\t<\/div>\n\t\t<\/div>\n\t\t\t\t\t<\/div>\n\t\t<\/section>\n\t\t\t\t<section class=\"elementor-section elementor-top-section elementor-element elementor-element-513bdd6 elementor-section-boxed elementor-section-height-default elementor-section-height-default\" data-id=\"513bdd6\" data-element_type=\"section\" data-e-type=\"section\">\n\t\t\t\t\t\t<div class=\"elementor-container elementor-column-gap-default\">\n\t\t\t\t\t<div class=\"elementor-column elementor-col-50 elementor-top-column elementor-element elementor-element-6ca909a\" data-id=\"6ca909a\" data-element_type=\"column\" data-e-type=\"column\">\n\t\t\t<div class=\"elementor-widget-wrap elementor-element-populated\">\n\t\t\t\t\t\t<div class=\"elementor-element elementor-element-9b4ed74 elementor-widget elementor-widget-text-editor\" data-id=\"9b4ed74\" data-element_type=\"widget\" data-e-type=\"widget\" data-widget_type=\"text-editor.default\">\n\t\t\t\t<div class=\"elementor-widget-container\">\n\t\t\t\t\t\t\t\t\t<h2>LAURENT REYPENS<\/h2>\nLaurent Reypens, belgischer K\u00fcnstler, bringt mit seinen reinen K\u00f6pfen geheimnisvolle und ruhige Arbeiten. Er ist ein Meister der Einfachheit. Seine Glasarbeiten sind aus Opal und schimmern in einem Lichtspiel.\n\n\"Das Geheimnis seiner Malerei befindet sich in einer Schale, aber niemand wird es je sehen oder entdecken. Die Schale ist auf das Innere des Gem\u00e4ldes ausgerichtet und \u00fcberl\u00e4sst ihren Inhalt unserer Fantasie.\"\t\t\t\t\t\t\t\t<\/div>\n\t\t\t\t<\/div>\n\t\t\t\t\t<\/div>\n\t\t<\/div>\n\t\t\t\t<div class=\"elementor-column elementor-col-50 elementor-top-column elementor-element elementor-element-997a04d\" data-id=\"997a04d\" data-element_type=\"column\" data-e-type=\"column\">\n\t\t\t<div class=\"elementor-widget-wrap elementor-element-populated\">\n\t\t\t\t\t\t<div class=\"elementor-element elementor-element-d42285a elementor-widget elementor-widget-video\" data-id=\"d42285a\" data-element_type=\"widget\" data-e-type=\"widget\" data-settings=\"{&quot;youtube_url&quot;:&quot;https:\\\/\\\/youtu.be\\\/Bfv_X0hUy-4&quot;,&quot;video_type&quot;:&quot;youtube&quot;,&quot;controls&quot;:&quot;yes&quot;}\" data-widget_type=\"video.default\">\n\t\t\t\t<div class=\"elementor-widget-container\">\n\t\t\t\t\t\t\t<div class=\"elementor-wrapper elementor-open-inline\">\n\t\t\t<div class=\"elementor-video\"><\/div>\t\t<\/div>\n\t\t\t\t\t\t<\/div>\n\t\t\t\t<\/div>\n\t\t\t\t\t<\/div>\n\t\t<\/div>\n\t\t\t\t\t<\/div>\n\t\t<\/section>\n\t\t\t\t<section class=\"elementor-section elementor-top-section elementor-element elementor-element-00b108e elementor-section-boxed elementor-section-height-default elementor-section-height-default\" data-id=\"00b108e\" data-element_type=\"section\" data-e-type=\"section\">\n\t\t\t\t\t\t<div class=\"elementor-container elementor-column-gap-default\">\n\t\t\t\t\t<div class=\"elementor-column elementor-col-50 elementor-top-column elementor-element elementor-element-c5638d1\" data-id=\"c5638d1\" data-element_type=\"column\" data-e-type=\"column\">\n\t\t\t<div class=\"elementor-widget-wrap elementor-element-populated\">\n\t\t\t\t\t\t<div class=\"elementor-element elementor-element-4a36391 elementor-widget elementor-widget-text-editor\" data-id=\"4a36391\" data-element_type=\"widget\" data-e-type=\"widget\" data-widget_type=\"text-editor.default\">\n\t\t\t\t<div class=\"elementor-widget-container\">\n\t\t\t\t\t\t\t\t\t<h2>JAN DE VLIEGHER<\/h2>\nDer belgische K\u00fcnstler Jan De Vliegher, der in Br\u00fcgge geboren wurde, stellt mit seinem schnellen Pinselstrich figurative Werke her. Er ist ein Meister der Farbe. Die Energie springt \u00fcber und bringt Freude in den Raum. Jan De Vlieger war mein Malereilehrer an der Akademie in Knokke. Zusammen mit Adriano Berengo stellte er wundersch\u00f6ne Teller aus Opalglas her.\t\t\t\t\t\t\t\t<\/div>\n\t\t\t\t<\/div>\n\t\t\t\t\t<\/div>\n\t\t<\/div>\n\t\t\t\t<div class=\"elementor-column elementor-col-50 elementor-top-column elementor-element elementor-element-9a3b322\" data-id=\"9a3b322\" data-element_type=\"column\" data-e-type=\"column\">\n\t\t\t<div class=\"elementor-widget-wrap elementor-element-populated\">\n\t\t\t\t\t\t<div class=\"elementor-element elementor-element-090fdfb elementor-widget elementor-widget-video\" data-id=\"090fdfb\" data-element_type=\"widget\" data-e-type=\"widget\" data-settings=\"{&quot;youtube_url&quot;:&quot;https:\\\/\\\/youtu.be\\\/y3tTrFxDnh4&quot;,&quot;video_type&quot;:&quot;youtube&quot;,&quot;controls&quot;:&quot;yes&quot;}\" data-widget_type=\"video.default\">\n\t\t\t\t<div class=\"elementor-widget-container\">\n\t\t\t\t\t\t\t<div class=\"elementor-wrapper elementor-open-inline\">\n\t\t\t<div class=\"elementor-video\"><\/div>\t\t<\/div>\n\t\t\t\t\t\t<\/div>\n\t\t\t\t<\/div>\n\t\t\t\t\t<\/div>\n\t\t<\/div>\n\t\t\t\t\t<\/div>\n\t\t<\/section>\n\t\t\t\t<section class=\"elementor-section elementor-top-section elementor-element elementor-element-2dcced70 elementor-section-boxed elementor-section-height-default elementor-section-height-default\" data-id=\"2dcced70\" data-element_type=\"section\" data-e-type=\"section\">\n\t\t\t\t\t\t<div class=\"elementor-container elementor-column-gap-default\">\n\t\t\t\t\t<div class=\"elementor-column elementor-col-50 elementor-top-column elementor-element elementor-element-67045549\" data-id=\"67045549\" data-element_type=\"column\" data-e-type=\"column\">\n\t\t\t<div class=\"elementor-widget-wrap elementor-element-populated\">\n\t\t\t\t\t\t<div class=\"elementor-element elementor-element-2727de20 elementor-widget elementor-widget-text-editor\" data-id=\"2727de20\" data-element_type=\"widget\" data-e-type=\"widget\" data-widget_type=\"text-editor.default\">\n\t\t\t\t<div class=\"elementor-widget-container\">\n\t\t\t\t\t\t\t\t\t<h2>THOMAS LIBERTINY<\/h2>\nDer in der Slowakei geborene K\u00fcnstler Thomas Libertiny pr\u00e4sentiert gef\u00fchlvolle Arbeiten. Er erforscht geometrische Formen aus der Natur und innovative Technologien. Aus Sorge um das Aussterben der Biene hat er ein Meisterwerk aus goldenen Glasdodekaedern geschaffen. \"The Sentinel\" war auf der Biennale von Venedig 2015 zu sehen und befindet sich nun in der Galerie 8.\t\t\t\t\t\t\t\t<\/div>\n\t\t\t\t<\/div>\n\t\t\t\t\t<\/div>\n\t\t<\/div>\n\t\t\t\t<div class=\"elementor-column elementor-col-50 elementor-top-column elementor-element elementor-element-9b303ba\" data-id=\"9b303ba\" data-element_type=\"column\" data-e-type=\"column\">\n\t\t\t<div class=\"elementor-widget-wrap elementor-element-populated\">\n\t\t\t\t\t\t<div class=\"elementor-element elementor-element-6fca3e4 elementor-widget elementor-widget-video\" data-id=\"6fca3e4\" data-element_type=\"widget\" data-e-type=\"widget\" data-settings=\"{&quot;youtube_url&quot;:&quot;https:\\\/\\\/youtu.be\\\/gcB4EhuCO6U&quot;,&quot;video_type&quot;:&quot;youtube&quot;,&quot;controls&quot;:&quot;yes&quot;}\" data-widget_type=\"video.default\">\n\t\t\t\t<div class=\"elementor-widget-container\">\n\t\t\t\t\t\t\t<div class=\"elementor-wrapper elementor-open-inline\">\n\t\t\t<div class=\"elementor-video\"><\/div>\t\t<\/div>\n\t\t\t\t\t\t<\/div>\n\t\t\t\t<\/div>\n\t\t\t\t\t<\/div>\n\t\t<\/div>\n\t\t\t\t\t<\/div>\n\t\t<\/section>\n\t\t\t\t<\/div>","protected":false},"excerpt":{"rendered":"<p>KRISTEL VAN DEN EYNDEN Gr\u00fcnderin der Galerie, Natur, Menschen und die Verbindung mit der Quelle sind mein Ausgangspunkt. Ich f\u00fcge hinzu, was n\u00f6tig ist, und lasse weg, was \u00fcberfl\u00fcssig ist. Ich spiele mit Freude, Weiblichkeit, Freiheit, dem Geheimnis, dem Wunder und der Kraft der Farben. Portr\u00e4tmalerei auf AnfrageWenn ich male ... <a title=\"K\u00fcnstler\" class=\"read-more\" href=\"https:\/\/www.galerij8.be\/de\/kunstenaars\/\" aria-label=\"Mehr Informationen \u00fcber Kunstenaars\">Weitere Lekt\u00fcre<\/a><\/p>","protected":false},"author":3093,"featured_media":0,"parent":0,"menu_order":0,"comment_status":"closed","ping_status":"closed","template":"","meta":{"_acf_changed":false,"footnotes":""},"class_list":["post-5","page","type-page","status-publish"],"acf":[],"yoast_head":"<!-- This site is optimized with the Yoast SEO plugin v27.5 - https:\/\/yoast.com\/product\/yoast-seo-wordpress\/ -->\n<title>Kunstenaars - Galerij 8<\/title>\n<meta name=\"robots\" content=\"index, follow, max-snippet:-1, max-image-preview:large, max-video-preview:-1\" \/>\n<link rel=\"canonical\" href=\"https:\/\/www.galerij8.be\/de\/kunstenaars\/\" \/>\n<meta property=\"og:locale\" content=\"de_DE\" \/>\n<meta property=\"og:type\" content=\"article\" \/>\n<meta property=\"og:title\" content=\"Kunstenaars - Galerij 8\" \/>\n<meta property=\"og:description\" content=\"KRISTEL VAN DEN EYNDEN Founder of the gallery.De natuur, de mens &amp; de verbinding met de bron zijn mijn vertrekpunt. Ik voeg toe wat er nodig is en laat weg wat overbodig is. Ik speel met vrolijkheid, vrouwelijkheid, vrijheid, het mysterie, het wonder en de kracht van kleuren. Portrait painting on demandBij het schilderen van ... Weiterlesen\" \/>\n<meta property=\"og:url\" content=\"https:\/\/www.galerij8.be\/de\/kunstenaars\/\" \/>\n<meta property=\"og:site_name\" content=\"Galerij 8\" \/>\n<meta property=\"article:modified_time\" content=\"2021-09-27T10:31:50+00:00\" \/>\n<meta property=\"og:image\" content=\"https:\/\/www.galerij8.be\/wp-content\/uploads\/2016\/01\/Kristel-Van-den-Eynden-1.jpg\" \/>\n<meta name=\"twitter:card\" content=\"summary_large_image\" \/>\n<meta name=\"twitter:label1\" content=\"Gesch\u00e4tzte Lesezeit\" \/>\n\t<meta name=\"twitter:data1\" content=\"2\u00a0Minuten\" \/>\n<script type=\"application\/ld+json\" class=\"yoast-schema-graph\">{\"@context\":\"https:\\\/\\\/schema.org\",\"@graph\":[{\"@type\":\"WebPage\",\"@id\":\"https:\\\/\\\/www.galerij8.be\\\/en\\\/kunstenaars\\\/\",\"url\":\"https:\\\/\\\/www.galerij8.be\\\/en\\\/kunstenaars\\\/\",\"name\":\"Kunstenaars - Galerij 8\",\"isPartOf\":{\"@id\":\"https:\\\/\\\/www.galerij8.be\\\/#website\"},\"primaryImageOfPage\":{\"@id\":\"https:\\\/\\\/www.galerij8.be\\\/en\\\/kunstenaars\\\/#primaryimage\"},\"image\":{\"@id\":\"https:\\\/\\\/www.galerij8.be\\\/en\\\/kunstenaars\\\/#primaryimage\"},\"thumbnailUrl\":\"https:\\\/\\\/www.galerij8.be\\\/wp-content\\\/uploads\\\/2016\\\/01\\\/Kristel-Van-den-Eynden-1.jpg\",\"datePublished\":\"2016-01-27T21:30:19+00:00\",\"dateModified\":\"2021-09-27T10:31:50+00:00\",\"breadcrumb\":{\"@id\":\"https:\\\/\\\/www.galerij8.be\\\/en\\\/kunstenaars\\\/#breadcrumb\"},\"inLanguage\":\"de\",\"potentialAction\":[{\"@type\":\"ReadAction\",\"target\":[\"https:\\\/\\\/www.galerij8.be\\\/en\\\/kunstenaars\\\/\"]}]},{\"@type\":\"ImageObject\",\"inLanguage\":\"de\",\"@id\":\"https:\\\/\\\/www.galerij8.be\\\/en\\\/kunstenaars\\\/#primaryimage\",\"url\":\"https:\\\/\\\/www.galerij8.be\\\/wp-content\\\/uploads\\\/2016\\\/01\\\/Kristel-Van-den-Eynden-1.jpg\",\"contentUrl\":\"https:\\\/\\\/www.galerij8.be\\\/wp-content\\\/uploads\\\/2016\\\/01\\\/Kristel-Van-den-Eynden-1.jpg\"},{\"@type\":\"BreadcrumbList\",\"@id\":\"https:\\\/\\\/www.galerij8.be\\\/en\\\/kunstenaars\\\/#breadcrumb\",\"itemListElement\":[{\"@type\":\"ListItem\",\"position\":1,\"name\":\"Home\",\"item\":\"https:\\\/\\\/www.galerij8.be\\\/\"},{\"@type\":\"ListItem\",\"position\":2,\"name\":\"Kunstenaars\"}]},{\"@type\":\"WebSite\",\"@id\":\"https:\\\/\\\/www.galerij8.be\\\/#website\",\"url\":\"https:\\\/\\\/www.galerij8.be\\\/\",\"name\":\"Galerij 8\",\"description\":\"\",\"publisher\":{\"@id\":\"https:\\\/\\\/www.galerij8.be\\\/#organization\"},\"potentialAction\":[{\"@type\":\"SearchAction\",\"target\":{\"@type\":\"EntryPoint\",\"urlTemplate\":\"https:\\\/\\\/www.galerij8.be\\\/?s={search_term_string}\"},\"query-input\":{\"@type\":\"PropertyValueSpecification\",\"valueRequired\":true,\"valueName\":\"search_term_string\"}}],\"inLanguage\":\"de\"},{\"@type\":\"Organization\",\"@id\":\"https:\\\/\\\/www.galerij8.be\\\/#organization\",\"name\":\"Galerij 8\",\"url\":\"https:\\\/\\\/www.galerij8.be\\\/\",\"logo\":{\"@type\":\"ImageObject\",\"inLanguage\":\"de\",\"@id\":\"https:\\\/\\\/www.galerij8.be\\\/#\\\/schema\\\/logo\\\/image\\\/\",\"url\":\"https:\\\/\\\/www.galerij8.be\\\/wp-content\\\/uploads\\\/2016\\\/02\\\/galerij-8-logo.gif\",\"contentUrl\":\"https:\\\/\\\/www.galerij8.be\\\/wp-content\\\/uploads\\\/2016\\\/02\\\/galerij-8-logo.gif\",\"width\":137,\"height\":54,\"caption\":\"Galerij 8\"},\"image\":{\"@id\":\"https:\\\/\\\/www.galerij8.be\\\/#\\\/schema\\\/logo\\\/image\\\/\"}}]}<\/script>\n<!-- \/ Yoast SEO plugin. -->","yoast_head_json":{"title":"K\u00fcnstler - Galerie 8","robots":{"index":"index","follow":"follow","max-snippet":"max-snippet:-1","max-image-preview":"max-image-preview:large","max-video-preview":"max-video-preview:-1"},"canonical":"https:\/\/www.galerij8.be\/de\/kunstenaars\/","og_locale":"de_DE","og_type":"article","og_title":"Kunstenaars - Galerij 8","og_description":"KRISTEL VAN DEN EYNDEN Founder of the gallery.De natuur, de mens &amp; de verbinding met de bron zijn mijn vertrekpunt. Ik voeg toe wat er nodig is en laat weg wat overbodig is. Ik speel met vrolijkheid, vrouwelijkheid, vrijheid, het mysterie, het wonder en de kracht van kleuren. Portrait painting on demandBij het schilderen van ... Weiterlesen","og_url":"https:\/\/www.galerij8.be\/de\/kunstenaars\/","og_site_name":"Galerij 8","article_modified_time":"2021-09-27T10:31:50+00:00","og_image":[{"url":"https:\/\/www.galerij8.be\/wp-content\/uploads\/2016\/01\/Kristel-Van-den-Eynden-1.jpg","type":"","width":"","height":""}],"twitter_card":"summary_large_image","twitter_misc":{"Gesch\u00e4tzte Lesezeit":"2\u00a0Minuten"},"schema":{"@context":"https:\/\/schema.org","@graph":[{"@type":"WebPage","@id":"https:\/\/www.galerij8.be\/en\/kunstenaars\/","url":"https:\/\/www.galerij8.be\/en\/kunstenaars\/","name":"K\u00fcnstler - Galerie 8","isPartOf":{"@id":"https:\/\/www.galerij8.be\/#website"},"primaryImageOfPage":{"@id":"https:\/\/www.galerij8.be\/en\/kunstenaars\/#primaryimage"},"image":{"@id":"https:\/\/www.galerij8.be\/en\/kunstenaars\/#primaryimage"},"thumbnailUrl":"https:\/\/www.galerij8.be\/wp-content\/uploads\/2016\/01\/Kristel-Van-den-Eynden-1.jpg","datePublished":"2016-01-27T21:30:19+00:00","dateModified":"2021-09-27T10:31:50+00:00","breadcrumb":{"@id":"https:\/\/www.galerij8.be\/en\/kunstenaars\/#breadcrumb"},"inLanguage":"de","potentialAction":[{"@type":"ReadAction","target":["https:\/\/www.galerij8.be\/en\/kunstenaars\/"]}]},{"@type":"ImageObject","inLanguage":"de","@id":"https:\/\/www.galerij8.be\/en\/kunstenaars\/#primaryimage","url":"https:\/\/www.galerij8.be\/wp-content\/uploads\/2016\/01\/Kristel-Van-den-Eynden-1.jpg","contentUrl":"https:\/\/www.galerij8.be\/wp-content\/uploads\/2016\/01\/Kristel-Van-den-Eynden-1.jpg"},{"@type":"BreadcrumbList","@id":"https:\/\/www.galerij8.be\/en\/kunstenaars\/#breadcrumb","itemListElement":[{"@type":"ListItem","position":1,"name":"Home","item":"https:\/\/www.galerij8.be\/"},{"@type":"ListItem","position":2,"name":"Kunstenaars"}]},{"@type":"WebSite","@id":"https:\/\/www.galerij8.be\/#website","url":"https:\/\/www.galerij8.be\/","name":"Galerie 8","description":"","publisher":{"@id":"https:\/\/www.galerij8.be\/#organization"},"potentialAction":[{"@type":"SearchAction","target":{"@type":"EntryPoint","urlTemplate":"https:\/\/www.galerij8.be\/?s={search_term_string}"},"query-input":{"@type":"PropertyValueSpecification","valueRequired":true,"valueName":"search_term_string"}}],"inLanguage":"de"},{"@type":"Organization","@id":"https:\/\/www.galerij8.be\/#organization","name":"Galerie 8","url":"https:\/\/www.galerij8.be\/","logo":{"@type":"ImageObject","inLanguage":"de","@id":"https:\/\/www.galerij8.be\/#\/schema\/logo\/image\/","url":"https:\/\/www.galerij8.be\/wp-content\/uploads\/2016\/02\/galerij-8-logo.gif","contentUrl":"https:\/\/www.galerij8.be\/wp-content\/uploads\/2016\/02\/galerij-8-logo.gif","width":137,"height":54,"caption":"Galerij 8"},"image":{"@id":"https:\/\/www.galerij8.be\/#\/schema\/logo\/image\/"}}]}},"_links":{"self":[{"href":"https:\/\/www.galerij8.be\/de\/wp-json\/wp\/v2\/pages\/5","targetHints":{"allow":["GET"]}}],"collection":[{"href":"https:\/\/www.galerij8.be\/de\/wp-json\/wp\/v2\/pages"}],"about":[{"href":"https:\/\/www.galerij8.be\/de\/wp-json\/wp\/v2\/types\/page"}],"author":[{"embeddable":true,"href":"https:\/\/www.galerij8.be\/de\/wp-json\/wp\/v2\/users\/3093"}],"replies":[{"embeddable":true,"href":"https:\/\/www.galerij8.be\/de\/wp-json\/wp\/v2\/comments?post=5"}],"version-history":[{"count":5,"href":"https:\/\/www.galerij8.be\/de\/wp-json\/wp\/v2\/pages\/5\/revisions"}],"predecessor-version":[{"id":1868,"href":"https:\/\/www.galerij8.be\/de\/wp-json\/wp\/v2\/pages\/5\/revisions\/1868"}],"wp:attachment":[{"href":"https:\/\/www.galerij8.be\/de\/wp-json\/wp\/v2\/media?parent=5"}],"curies":[{"name":"wp","href":"https:\/\/api.w.org\/{rel}","templated":true}]}}